{"id":4419,"date":"2016-11-08T21:31:45","date_gmt":"2016-11-08T21:31:45","guid":{"rendered":"https:\/\/karaidj.com\/ponte-en-contacto-con\/"},"modified":"2025-11-10T10:45:29","modified_gmt":"2025-11-10T10:45:29","slug":"contacto","status":"publish","type":"page","link":"https:\/\/karaidj.com\/es\/contacto\/","title":{"rendered":"Ponte en contacto con"},"content":{"rendered":"\t\t<div data-elementor-type=\"wp-post\" data-elementor-id=\"4419\" class=\"elementor elementor-4419 elementor-29\">\n\t\t\t\t\t\t<section class=\"elementor-section elementor-top-section elementor-element elementor-element-162e1f6 elementor-section-boxed elementor-section-height-default elementor-section-height-default\" data-id=\"162e1f6\" data-element_type=\"section\" data-e-type=\"section\">\n\t\t\t\t\t\t<div class=\"elementor-container elementor-column-gap-default\">\n\t\t\t\t\t<div class=\"elementor-column elementor-col-100 elementor-top-column elementor-element elementor-element-227bb8f\" data-id=\"227bb8f\" data-element_type=\"column\" data-e-type=\"column\">\n\t\t\t<div class=\"elementor-widget-wrap elementor-element-populated\">\n\t\t\t\t\t\t<div class=\"elementor-element elementor-element-272219f elementor-widget elementor-widget-heading\" data-id=\"272219f\" data-element_type=\"widget\" data-e-type=\"widget\" data-widget_type=\"heading.default\">\n\t\t\t\t<div class=\"elementor-widget-container\">\n\t\t\t\t\t<h1 class=\"elementor-heading-title elementor-size-default\">Contacto \u2013 DJ Kara\u00ef<\/h1>\t\t\t\t<\/div>\n\t\t\t\t<\/div>\n\t\t\t\t<div class=\"elementor-element elementor-element-8aa7f68 elementor-widget elementor-widget-heading\" data-id=\"8aa7f68\" data-element_type=\"widget\" data-e-type=\"widget\" data-widget_type=\"heading.default\">\n\t\t\t\t<div class=\"elementor-widget-container\">\n\t\t\t\t\t<h2 class=\"elementor-heading-title elementor-size-default\">Percusionista y DJ para eventos en Par\u00eds<\/h2>\t\t\t\t<\/div>\n\t\t\t\t<\/div>\n\t\t\t\t<div class=\"elementor-element elementor-element-9341eda elementor-widget elementor-widget-heading\" data-id=\"9341eda\" data-element_type=\"widget\" data-e-type=\"widget\" data-widget_type=\"heading.default\">\n\t\t\t\t<div class=\"elementor-widget-container\">\n\t\t\t\t\t<h3 class=\"elementor-heading-title elementor-size-default\">DJ set y percusi\u00f3n en directo para un ambiente \u00fanico con DJ Kara\u00ef.<\/h3>\t\t\t\t<\/div>\n\t\t\t\t<\/div>\n\t\t\t\t<div class=\"elementor-element elementor-element-e2cbb34 elementor-invisible elementor-widget elementor-widget-image\" data-id=\"e2cbb34\" data-element_type=\"widget\" data-e-type=\"widget\" data-settings=\"{&quot;_animation&quot;:&quot;fadeIn&quot;}\" data-widget_type=\"image.default\">\n\t\t\t\t<div class=\"elementor-widget-container\">\n\t\t\t\t\t\t\t\t\t\t\t\t\t\t\t<img alt=\"\" fetchpriority=\"high\" decoding=\"async\" width=\"819\" height=\"1024\" src=\"https:\/\/karaidj.com\/wp-content\/uploads\/2025\/04\/Karai-ddj-pionner--819x1024.jpg\" class=\"attachment-large size-large wp-image-4138\" alt=\"\" srcset=\"https:\/\/karaidj.com\/wp-content\/uploads\/2025\/04\/Karai-ddj-pionner--819x1024.jpg 819w, https:\/\/karaidj.com\/wp-content\/uploads\/2025\/04\/Karai-ddj-pionner--447x559.jpg 447w, https:\/\/karaidj.com\/wp-content\/uploads\/2025\/04\/Karai-ddj-pionner--768x960.jpg 768w, https:\/\/karaidj.com\/wp-content\/uploads\/2025\/04\/Karai-ddj-pionner--1229x1536.jpg 1229w, https:\/\/karaidj.com\/wp-content\/uploads\/2025\/04\/Karai-ddj-pionner-.jpg 1440w\" sizes=\"(max-width: 819px) 100vw, 819px\" \/>\t\t\t\t\t\t\t\t\t\t\t\t\t\t\t<\/div>\n\t\t\t\t<\/div>\n\t\t\t\t\t<\/div>\n\t\t<\/div>\n\t\t\t\t\t<\/div>\n\t\t<\/section>\n\t\t\t\t<section class=\"elementor-section elementor-top-section elementor-element elementor-element-18a112f elementor-section-boxed elementor-section-height-default elementor-section-height-default\" data-id=\"18a112f\" data-element_type=\"section\" data-e-type=\"section\">\n\t\t\t\t\t\t<div class=\"elementor-container elementor-column-gap-default\">\n\t\t\t\t\t<div class=\"elementor-column elementor-col-100 elementor-top-column elementor-element elementor-element-2b7e6ce\" data-id=\"2b7e6ce\" data-element_type=\"column\" data-e-type=\"column\">\n\t\t\t<div class=\"elementor-widget-wrap elementor-element-populated\">\n\t\t\t\t\t\t<div class=\"elementor-element elementor-element-35d844e elementor-widget elementor-widget-text-editor\" data-id=\"35d844e\" data-element_type=\"widget\" data-e-type=\"widget\" data-widget_type=\"text-editor.default\">\n\t\t\t\t<div class=\"elementor-widget-container\">\n\t\t\t\t\t\t\t\t\t<p>Reservas : <a href=\"mailto:guidrumsalves@gmail.com\"><span style=\"letter-spacing: 0px;\">guidrumsalves@gmail.com <\/span><\/a> <\/p><p>Contacto: +33662114865<\/p>\t\t\t\t\t\t\t\t<\/div>\n\t\t\t\t<\/div>\n\t\t\t\t\t<\/div>\n\t\t<\/div>\n\t\t\t\t\t<\/div>\n\t\t<\/section>\n\t\t\t\t<section class=\"elementor-section elementor-top-section elementor-element elementor-element-70afda5 elementor-section-boxed elementor-section-height-default elementor-section-height-default\" data-id=\"70afda5\" data-element_type=\"section\" data-e-type=\"section\">\n\t\t\t\t\t\t<div class=\"elementor-container elementor-column-gap-default\">\n\t\t\t\t\t<div class=\"elementor-column elementor-col-50 elementor-top-column elementor-element elementor-element-41c19db7\" data-id=\"41c19db7\" data-element_type=\"column\" data-e-type=\"column\">\n\t\t\t<div class=\"elementor-widget-wrap elementor-element-populated\">\n\t\t\t\t\t\t<div class=\"elementor-element elementor-element-68e7e75 elementor-align-center elementor-invisible elementor-widget elementor-widget-button\" data-id=\"68e7e75\" data-element_type=\"widget\" data-e-type=\"widget\" data-settings=\"{&quot;_animation&quot;:&quot;fadeInUp&quot;}\" data-widget_type=\"button.default\">\n\t\t\t\t<div class=\"elementor-widget-container\">\n\t\t\t\t\t\t\t\t\t<div class=\"elementor-button-wrapper\">\n\t\t\t\t\t<a class=\"elementor-button elementor-button-link elementor-size-xs elementor-animation-bob\" href=\"https:\/\/karaidj.com\/es\/bio\/\">\n\t\t\t\t\t\t<span class=\"elementor-button-content-wrapper\">\n\t\t\t\t\t\t<span class=\"elementor-button-icon\">\n\t\t\t\t<i aria-hidden=\"true\" class=\"fas fa-long-arrow-alt-right\"><\/i>\t\t\t<\/span>\n\t\t\t\t\t\t\t\t\t<span class=\"elementor-button-text\">Biograf\u00eda<\/span>\n\t\t\t\t\t<\/span>\n\t\t\t\t\t<\/a>\n\t\t\t\t<\/div>\n\t\t\t\t\t\t\t\t<\/div>\n\t\t\t\t<\/div>\n\t\t\t\t\t<\/div>\n\t\t<\/div>\n\t\t\t\t<div class=\"elementor-column elementor-col-50 elementor-top-column elementor-element elementor-element-2dd67070\" data-id=\"2dd67070\" data-element_type=\"column\" data-e-type=\"column\">\n\t\t\t<div class=\"elementor-widget-wrap elementor-element-populated\">\n\t\t\t\t\t\t<div class=\"elementor-element elementor-element-16875452 elementor-align-center elementor-invisible elementor-widget elementor-widget-button\" data-id=\"16875452\" data-element_type=\"widget\" data-e-type=\"widget\" data-settings=\"{&quot;_animation&quot;:&quot;fadeInUp&quot;}\" data-widget_type=\"button.default\">\n\t\t\t\t<div class=\"elementor-widget-container\">\n\t\t\t\t\t\t\t\t\t<div class=\"elementor-button-wrapper\">\n\t\t\t\t\t<a class=\"elementor-button elementor-button-link elementor-size-xs elementor-animation-bob\" href=\"https:\/\/karaidj.com\/es\/musica\/\">\n\t\t\t\t\t\t<span class=\"elementor-button-content-wrapper\">\n\t\t\t\t\t\t<span class=\"elementor-button-icon\">\n\t\t\t\t<i aria-hidden=\"true\" class=\"fas fa-long-arrow-alt-right\"><\/i>\t\t\t<\/span>\n\t\t\t\t\t\t\t\t\t<span class=\"elementor-button-text\">M\u00fasica<\/span>\n\t\t\t\t\t<\/span>\n\t\t\t\t\t<\/a>\n\t\t\t\t<\/div>\n\t\t\t\t\t\t\t\t<\/div>\n\t\t\t\t<\/div>\n\t\t\t\t\t<\/div>\n\t\t<\/div>\n\t\t\t\t\t<\/div>\n\t\t<\/section>\n\t\t\t\t<\/div>\n\t\t","protected":false},"excerpt":{"rendered":"<p>Contacto \u2013 DJ Kara\u00ef Percusionista y DJ para eventos en Par\u00eds DJ set y percusi\u00f3n en directo para un ambiente [&hellip;]<\/p>\n","protected":false},"author":2,"featured_media":0,"parent":0,"menu_order":32,"comment_status":"closed","ping_status":"closed","template":"","meta":{"_seopress_robots_primary_cat":"","_seopress_titles_title":"Contacto \u2013 Contratar a DJ Kara\u00ef, percusionista en Par\u00eds","_seopress_titles_desc":"Contrata a DJ Kara\u00ef para tus bodas, fiestas y eventos en Par\u00eds. DJ set y percusi\u00f3n en directo para un ambiente \u00fanico. Cont\u00e1ctame.  ","_seopress_robots_index":"","footnotes":""},"class_list":["post-4419","page","type-page","status-publish","hentry"],"acf":[],"_links":{"self":[{"href":"https:\/\/karaidj.com\/es\/wp-json\/wp\/v2\/pages\/4419","targetHints":{"allow":["GET"]}}],"collection":[{"href":"https:\/\/karaidj.com\/es\/wp-json\/wp\/v2\/pages"}],"about":[{"href":"https:\/\/karaidj.com\/es\/wp-json\/wp\/v2\/types\/page"}],"author":[{"embeddable":true,"href":"https:\/\/karaidj.com\/es\/wp-json\/wp\/v2\/users\/2"}],"replies":[{"embeddable":true,"href":"https:\/\/karaidj.com\/es\/wp-json\/wp\/v2\/comments?post=4419"}],"version-history":[{"count":3,"href":"https:\/\/karaidj.com\/es\/wp-json\/wp\/v2\/pages\/4419\/revisions"}],"predecessor-version":[{"id":5553,"href":"https:\/\/karaidj.com\/es\/wp-json\/wp\/v2\/pages\/4419\/revisions\/5553"}],"wp:attachment":[{"href":"https:\/\/karaidj.com\/es\/wp-json\/wp\/v2\/media?parent=4419"}],"curies":[{"name":"wp","href":"https:\/\/api.w.org\/{rel}","templated":true}]}}