{"id":4162,"date":"2016-11-08T21:34:04","date_gmt":"2016-11-08T21:34:04","guid":{"rendered":"https:\/\/karaidj.com\/kit-de-imprensa\/"},"modified":"2025-11-10T10:48:45","modified_gmt":"2025-11-10T10:48:45","slug":"kit-de-imprensa","status":"publish","type":"page","link":"https:\/\/karaidj.com\/pt-br\/kit-de-imprensa\/","title":{"rendered":"Kit de imprensa"},"content":{"rendered":"\t\t<div data-elementor-type=\"wp-post\" data-elementor-id=\"4162\" class=\"elementor elementor-4162 elementor-40\">\n\t\t\t\t\t\t<section class=\"elementor-section elementor-top-section elementor-element elementor-element-a91af9d elementor-section-stretched elementor-section-full_width elementor-section-height-min-height elementor-section-items-stretch elementor-section-height-default\" data-id=\"a91af9d\" data-element_type=\"section\" data-e-type=\"section\" data-settings=\"{&quot;stretch_section&quot;:&quot;section-stretched&quot;}\">\n\t\t\t\t\t\t<div class=\"elementor-container elementor-column-gap-no\">\n\t\t\t\t\t<div class=\"elementor-column elementor-col-100 elementor-top-column elementor-element elementor-element-f07ef0a\" data-id=\"f07ef0a\" data-element_type=\"column\" data-e-type=\"column\" data-settings=\"{&quot;background_background&quot;:&quot;classic&quot;}\">\n\t\t\t<div class=\"elementor-widget-wrap elementor-element-populated\">\n\t\t\t\t\t<div class=\"elementor-background-overlay\"><\/div>\n\t\t\t\t\t\t<div class=\"elementor-element elementor-element-9ebbff0 elementor-widget elementor-widget-image\" data-id=\"9ebbff0\" data-element_type=\"widget\" data-e-type=\"widget\" data-widget_type=\"image.default\">\n\t\t\t\t<div class=\"elementor-widget-container\">\n\t\t\t\t\t\t\t\t\t\t\t\t\t\t\t<img fetchpriority=\"high\" decoding=\"async\" width=\"683\" height=\"1024\" src=\"https:\/\/karaidj.com\/wp-content\/uploads\/2025\/04\/Karai-dj-studio-white-683x1024.jpg\" class=\"attachment-large size-large wp-image-4573\" alt=\"Karai dj studio white\" srcset=\"https:\/\/karaidj.com\/wp-content\/uploads\/2025\/04\/Karai-dj-studio-white-683x1024.jpg 683w, https:\/\/karaidj.com\/wp-content\/uploads\/2025\/04\/Karai-dj-studio-white-373x559.jpg 373w, https:\/\/karaidj.com\/wp-content\/uploads\/2025\/04\/Karai-dj-studio-white-768x1152.jpg 768w, https:\/\/karaidj.com\/wp-content\/uploads\/2025\/04\/Karai-dj-studio-white.jpg 1000w\" sizes=\"(max-width: 683px) 100vw, 683px\" \/>\t\t\t\t\t\t\t\t\t\t\t\t\t\t\t<\/div>\n\t\t\t\t<\/div>\n\t\t\t\t<div class=\"elementor-element elementor-element-4413350 elementor-widget elementor-widget-heading\" data-id=\"4413350\" data-element_type=\"widget\" data-e-type=\"widget\" data-widget_type=\"heading.default\">\n\t\t\t\t<div class=\"elementor-widget-container\">\n\t\t\t\t\t<h1 class=\"elementor-heading-title elementor-size-default\">Presskit - Kara\u00ef DJ<\/h1>\t\t\t\t<\/div>\n\t\t\t\t<\/div>\n\t\t\t\t<div class=\"elementor-element elementor-element-576ca6d elementor-widget elementor-widget-heading\" data-id=\"576ca6d\" data-element_type=\"widget\" data-e-type=\"widget\" data-widget_type=\"heading.default\">\n\t\t\t\t<div class=\"elementor-widget-container\">\n\t\t\t\t\t<h2 class=\"elementor-heading-title elementor-size-default\">Informa\u00e7\u00f5es t\u00e9cnicas e necessidades de palco do Kara\u00ef DJ<\/h2>\t\t\t\t<\/div>\n\t\t\t\t<\/div>\n\t\t\t\t<div class=\"elementor-element elementor-element-3b1b0e3 elementor-widget elementor-widget-spacer\" data-id=\"3b1b0e3\" data-element_type=\"widget\" data-e-type=\"widget\" data-widget_type=\"spacer.default\">\n\t\t\t\t<div class=\"elementor-widget-container\">\n\t\t\t\t\t\t\t<div class=\"elementor-spacer\">\n\t\t\t<div class=\"elementor-spacer-inner\"><\/div>\n\t\t<\/div>\n\t\t\t\t\t\t<\/div>\n\t\t\t\t<\/div>\n\t\t\t\t<div class=\"elementor-element elementor-element-d838453 elementor-widget elementor-widget-heading\" data-id=\"d838453\" data-element_type=\"widget\" data-e-type=\"widget\" data-widget_type=\"heading.default\">\n\t\t\t\t<div class=\"elementor-widget-container\">\n\t\t\t\t\t<h2 class=\"elementor-heading-title elementor-size-default\"><a href=\"https:\/\/demo.sonaar.io\/assets\/downloads\/presskit.zip\">Baixar<\/a><\/h2>\t\t\t\t<\/div>\n\t\t\t\t<\/div>\n\t\t\t\t<div class=\"elementor-element elementor-element-f540e86 elementor-widget elementor-widget-heading\" data-id=\"f540e86\" data-element_type=\"widget\" data-e-type=\"widget\" data-widget_type=\"heading.default\">\n\t\t\t\t<div class=\"elementor-widget-container\">\n\t\t\t\t\t<h3 class=\"elementor-heading-title elementor-size-default\">O PRESSKIT<\/h3>\t\t\t\t<\/div>\n\t\t\t\t<\/div>\n\t\t\t\t<div class=\"elementor-element elementor-element-5e94f08 elementor-align-center elementor-widget elementor-widget-button\" data-id=\"5e94f08\" data-element_type=\"widget\" data-e-type=\"widget\" data-widget_type=\"button.default\">\n\t\t\t\t<div class=\"elementor-widget-container\">\n\t\t\t\t\t\t\t\t\t<div class=\"elementor-button-wrapper\">\n\t\t\t\t\t<a class=\"elementor-button elementor-button-link elementor-size-sm elementor-animation-pulse\" href=\"https:\/\/karaidj.com\/wp-content\/uploads\/2025\/05\/PRESSkit-Karaidj-FR.pdf\" target=\"_blank\">\n\t\t\t\t\t\t<span class=\"elementor-button-content-wrapper\">\n\t\t\t\t\t\t<span class=\"elementor-button-icon\">\n\t\t\t\t<i aria-hidden=\"true\" class=\"far fa-arrow-alt-circle-down\"><\/i>\t\t\t<\/span>\n\t\t\t\t\t\t\t\t\t<span class=\"elementor-button-text\">Clique aqui<\/span>\n\t\t\t\t\t<\/span>\n\t\t\t\t\t<\/a>\n\t\t\t\t<\/div>\n\t\t\t\t\t\t\t\t<\/div>\n\t\t\t\t<\/div>\n\t\t\t\t<div class=\"elementor-element elementor-element-8f8ad20 elementor-widget elementor-widget-heading\" data-id=\"8f8ad20\" data-element_type=\"widget\" data-e-type=\"widget\" data-widget_type=\"heading.default\">\n\t\t\t\t<div class=\"elementor-widget-container\">\n\t\t\t\t\t<h2 class=\"elementor-heading-title elementor-size-default\">FOTOS - V\u00cdDEOS - BIOGRAFIA - PILOTO - LOGOTIPOS<\/h2>\t\t\t\t<\/div>\n\t\t\t\t<\/div>\n\t\t\t\t\t<\/div>\n\t\t<\/div>\n\t\t\t\t\t<\/div>\n\t\t<\/section>\n\t\t\t\t<section class=\"elementor-section elementor-top-section elementor-element elementor-element-2e1b6b9 elementor-section-boxed elementor-section-height-default elementor-section-height-default\" data-id=\"2e1b6b9\" data-element_type=\"section\" data-e-type=\"section\">\n\t\t\t\t\t\t<div class=\"elementor-container elementor-column-gap-default\">\n\t\t\t\t\t<div class=\"elementor-column elementor-col-100 elementor-top-column elementor-element elementor-element-3c149fa\" data-id=\"3c149fa\" data-element_type=\"column\" data-e-type=\"column\">\n\t\t\t<div class=\"elementor-widget-wrap\">\n\t\t\t\t\t\t\t<\/div>\n\t\t<\/div>\n\t\t\t\t\t<\/div>\n\t\t<\/section>\n\t\t\t\t<\/div>\n\t\t","protected":false},"excerpt":{"rendered":"<p>Presskit \u2013 Kara\u00ef DJ Informa\u00e7\u00f5es t\u00e9cnicas e necessidades de palco do Kara\u00ef DJ Baixar O PRESSKIT Clique aqui FOTOS \u2013 [&hellip;]<\/p>\n","protected":false},"author":2,"featured_media":0,"parent":0,"menu_order":36,"comment_status":"closed","ping_status":"closed","template":"","meta":{"_seopress_robots_primary_cat":"","_seopress_titles_title":"Presskit - Kara\u00ef DJ","_seopress_titles_desc":"Baixe o presskit do Kara\u00ef DJ, percussionista e DJ brasileiro em Paris. Bio, fotos e infos dispon\u00edveis. ","_seopress_robots_index":"","footnotes":""},"class_list":["post-4162","page","type-page","status-publish","hentry"],"acf":[],"_links":{"self":[{"href":"https:\/\/karaidj.com\/pt-br\/wp-json\/wp\/v2\/pages\/4162","targetHints":{"allow":["GET"]}}],"collection":[{"href":"https:\/\/karaidj.com\/pt-br\/wp-json\/wp\/v2\/pages"}],"about":[{"href":"https:\/\/karaidj.com\/pt-br\/wp-json\/wp\/v2\/types\/page"}],"author":[{"embeddable":true,"href":"https:\/\/karaidj.com\/pt-br\/wp-json\/wp\/v2\/users\/2"}],"replies":[{"embeddable":true,"href":"https:\/\/karaidj.com\/pt-br\/wp-json\/wp\/v2\/comments?post=4162"}],"version-history":[{"count":3,"href":"https:\/\/karaidj.com\/pt-br\/wp-json\/wp\/v2\/pages\/4162\/revisions"}],"predecessor-version":[{"id":5561,"href":"https:\/\/karaidj.com\/pt-br\/wp-json\/wp\/v2\/pages\/4162\/revisions\/5561"}],"wp:attachment":[{"href":"https:\/\/karaidj.com\/pt-br\/wp-json\/wp\/v2\/media?parent=4162"}],"curies":[{"name":"wp","href":"https:\/\/api.w.org\/{rel}","templated":true}]}}