{"id":4343,"date":"2017-10-27T20:41:53","date_gmt":"2017-10-27T20:41:53","guid":{"rendered":"https:\/\/karaidj.com\/biografia\/"},"modified":"2025-09-11T07:52:48","modified_gmt":"2025-09-11T07:52:48","slug":"biografia","status":"publish","type":"page","link":"https:\/\/karaidj.com\/pt-br\/biografia\/","title":{"rendered":"Bio"},"content":{"rendered":"\t\t<div data-elementor-type=\"wp-post\" data-elementor-id=\"4343\" class=\"elementor elementor-4343 elementor-1835\">\n\t\t\t\t\t\t<section class=\"elementor-section elementor-top-section elementor-element elementor-element-e7e0b0c elementor-section-stretched elementor-section-full_width elementor-section-height-default elementor-section-height-default\" data-id=\"e7e0b0c\" data-element_type=\"section\" data-e-type=\"section\" data-settings=\"{&quot;stretch_section&quot;:&quot;section-stretched&quot;}\">\n\t\t\t\t\t\t<div class=\"elementor-container elementor-column-gap-default\">\n\t\t\t\t\t<div class=\"elementor-column elementor-col-100 elementor-top-column elementor-element elementor-element-b347ad6\" data-id=\"b347ad6\" data-element_type=\"column\" data-e-type=\"column\">\n\t\t\t<div class=\"elementor-widget-wrap elementor-element-populated\">\n\t\t\t\t\t\t<div class=\"elementor-element elementor-element-d1cf23e elementor-widget elementor-widget-image\" data-id=\"d1cf23e\" data-element_type=\"widget\" data-e-type=\"widget\" data-widget_type=\"image.default\">\n\t\t\t\t<div class=\"elementor-widget-container\">\n\t\t\t\t\t\t\t\t\t\t\t\t\t\t\t<img decoding=\"async\" src=\"https:\/\/karaidj.com\/wp-content\/uploads\/elementor\/thumbs\/Karai-dj-bio-b-r4qead0wu5i415dvkvuv2v29ixaj78l0nmgtmopjk0.jpg\" title=\"Karai\u0308 dj bio\" alt=\"Karai\u0308 dj bio\" class=\"elementor-animation-grow\" loading=\"lazy\" \/>\t\t\t\t\t\t\t\t\t\t\t\t\t\t\t<\/div>\n\t\t\t\t<\/div>\n\t\t\t\t\t<\/div>\n\t\t<\/div>\n\t\t\t\t\t<\/div>\n\t\t<\/section>\n\t\t\t\t<section class=\"elementor-section elementor-top-section elementor-element elementor-element-c38c336 elementor-section-boxed elementor-section-height-default elementor-section-height-default\" data-id=\"c38c336\" data-element_type=\"section\" data-e-type=\"section\">\n\t\t\t\t\t\t<div class=\"elementor-container elementor-column-gap-default\">\n\t\t\t\t\t<div class=\"elementor-column elementor-col-100 elementor-top-column elementor-element elementor-element-0ac0b74\" data-id=\"0ac0b74\" data-element_type=\"column\" data-e-type=\"column\">\n\t\t\t<div class=\"elementor-widget-wrap elementor-element-populated\">\n\t\t\t\t\t\t<div class=\"elementor-element elementor-element-b4e86d9 elementor-widget elementor-widget-heading\" data-id=\"b4e86d9\" data-element_type=\"widget\" data-e-type=\"widget\" data-widget_type=\"heading.default\">\n\t\t\t\t<div class=\"elementor-widget-container\">\n\t\t\t\t\t<h1 class=\"elementor-heading-title elementor-size-default\">Guilherme Alves - DJ Kara\u00ef<\/h1>\t\t\t\t<\/div>\n\t\t\t\t<\/div>\n\t\t\t\t<div class=\"elementor-element elementor-element-6b80350 elementor-widget elementor-widget-heading\" data-id=\"6b80350\" data-element_type=\"widget\" data-e-type=\"widget\" data-widget_type=\"heading.default\">\n\t\t\t\t<div class=\"elementor-widget-container\">\n\t\t\t\t\t<h2 class=\"elementor-heading-title elementor-size-default\">DJ Percussionista brasileiro em Paris<\/h2>\t\t\t\t<\/div>\n\t\t\t\t<\/div>\n\t\t\t\t<div class=\"elementor-element elementor-element-29fa4a5 elementor-widget elementor-widget-heading\" data-id=\"29fa4a5\" data-element_type=\"widget\" data-e-type=\"widget\" data-widget_type=\"heading.default\">\n\t\t\t\t<div class=\"elementor-widget-container\">\n\t\t\t\t\t<h3 class=\"elementor-heading-title elementor-size-default\">Sonoridades latinas, ritmos ao vivo e energia brasileira com Guilherme Alves.<\/h3>\t\t\t\t<\/div>\n\t\t\t\t<\/div>\n\t\t\t\t<div class=\"elementor-element elementor-element-4686ec0 elementor-widget-divider--view-line elementor-invisible elementor-widget elementor-widget-divider\" data-id=\"4686ec0\" data-element_type=\"widget\" data-e-type=\"widget\" data-settings=\"{&quot;_animation&quot;:&quot;fadeInUp&quot;}\" data-widget_type=\"divider.default\">\n\t\t\t\t<div class=\"elementor-widget-container\">\n\t\t\t\t\t\t\t<div class=\"elementor-divider\">\n\t\t\t<span class=\"elementor-divider-separator\">\n\t\t\t\t\t\t<\/span>\n\t\t<\/div>\n\t\t\t\t\t\t<\/div>\n\t\t\t\t<\/div>\n\t\t\t\t<div class=\"elementor-element elementor-element-20c1124 elementor-invisible elementor-widget elementor-widget-heading\" data-id=\"20c1124\" data-element_type=\"widget\" data-e-type=\"widget\" data-settings=\"{&quot;_animation&quot;:&quot;fadeInUp&quot;}\" data-widget_type=\"heading.default\">\n\t\t\t\t<div class=\"elementor-widget-container\">\n\t\t\t\t\t<h2 class=\"elementor-heading-title elementor-size-default\">Biografia<\/h2>\t\t\t\t<\/div>\n\t\t\t\t<\/div>\n\t\t\t\t<section class=\"elementor-section elementor-inner-section elementor-element elementor-element-2270776 elementor-section-boxed elementor-section-height-default elementor-section-height-default\" data-id=\"2270776\" data-element_type=\"section\" data-e-type=\"section\">\n\t\t\t\t\t\t<div class=\"elementor-container elementor-column-gap-default\">\n\t\t\t\t\t<div class=\"elementor-column elementor-col-100 elementor-inner-column elementor-element elementor-element-cd49576\" data-id=\"cd49576\" data-element_type=\"column\" data-e-type=\"column\">\n\t\t\t<div class=\"elementor-widget-wrap elementor-element-populated\">\n\t\t\t\t\t\t<div class=\"elementor-element elementor-element-92787df elementor-invisible elementor-widget elementor-widget-text-editor\" data-id=\"92787df\" data-element_type=\"widget\" data-e-type=\"widget\" data-settings=\"{&quot;_animation&quot;:&quot;fadeInUp&quot;}\" data-widget_type=\"text-editor.default\">\n\t\t\t\t<div class=\"elementor-widget-container\">\n\t\t\t\t\t\t\t\t\t<p dir=\"ltr\">DJ Kara\u00ef, tamb\u00e9m conhecido como Guilherme Alves, incorpora o encontro explosivo entre a percuss\u00e3o tradicional e a arte da mixagem moderna.<\/p><p dir=\"ltr\">Antes de fazer as pick-ups vibrarem, \u00e9 atr\u00e1s da percuss\u00e3o que Guilherme constr\u00f3i sua reputa\u00e7\u00e3o. Nascido no cora\u00e7\u00e3o do Brasil, em Minas Gerais, ele cresce embalado pelos ritmos envolventes de seu pa\u00eds natal e sobe aos palcos desde muito jovem. Aos 20 anos, ele voa para Paris e se torna aluno do lend\u00e1rio mestre da percuss\u00e3o Giovanni Hidalgo.  <\/p><p dir=\"ltr\">Artista completo e globetrotter do groove, Guilherme Alves multiplica colabora\u00e7\u00f5es com os maiores nomes da cena internacional: <b>Sting, Aya Nakamura, SCH, Gipsy King by Andre Reys, Will.I.Am, Ril\u00e8s, Christophe Ma\u00e9, Vianney, Mokhtar Samba, Salif Keita, Jain<\/b>&#8230; Das salas prestigiosas aos festivais emblem\u00e1ticos, dos plat\u00f4s de TV aos est\u00fadios de grava\u00e7\u00e3o, ele imp\u00f5e sua assinatura r\u00edtmica \u00fanica por onde passa.<\/p><p dir=\"ltr\">Hoje, fortalecido por essa rica experi\u00eancia c\u00eanica e musical, Guilherme Alves evolui naturalmente sua arte e se torna DJ Kara\u00ef. Atr\u00e1s das pick-ups, ele n\u00e3o se contenta em mixar sons: ele insufla em cada um de seus sets a energia bruta de suas percuss\u00f5es, criando uma viagem sonora vibrante e org\u00e2nica. <\/p><p dir=\"ltr\"><strong>Sua assinatura?<\/strong>  Uma mistura irresist\u00edvel de batidas eletr\u00f4nicas, grooves afro-latinos e brasileiros (baile funk, bossa nova, samba&#8230;) e percuss\u00f5es ao vivo, para uma experi\u00eancia t\u00e3o dan\u00e7ante quanto inesquec\u00edvel.<\/p><p dir=\"ltr\">Prepare-se para vibrar no ritmo de suas pick-ups&#8230; e de seus tambores.<\/p>\t\t\t\t\t\t\t\t<\/div>\n\t\t\t\t<\/div>\n\t\t\t\t\t<\/div>\n\t\t<\/div>\n\t\t\t\t\t<\/div>\n\t\t<\/section>\n\t\t\t\t<div class=\"elementor-element elementor-element-e2a1334 elementor-invisible elementor-widget elementor-widget-image\" data-id=\"e2a1334\" data-element_type=\"widget\" data-e-type=\"widget\" data-settings=\"{&quot;_animation&quot;:&quot;fadeInUp&quot;}\" data-widget_type=\"image.default\">\n\t\t\t\t<div class=\"elementor-widget-container\">\n\t\t\t\t\t\t\t\t\t\t\t\t\t\t\t<img decoding=\"async\" src=\"https:\/\/karaidj.faaaster.dev\/wp-content\/uploads\/2019\/01\/signature04.png\" title=\"\" alt=\"\" loading=\"lazy\" \/>\t\t\t\t\t\t\t\t\t\t\t\t\t\t\t<\/div>\n\t\t\t\t<\/div>\n\t\t\t\t\t<\/div>\n\t\t<\/div>\n\t\t\t\t\t<\/div>\n\t\t<\/section>\n\t\t\t\t<section class=\"elementor-section elementor-top-section elementor-element elementor-element-f7bd2cf elementor-section-boxed elementor-section-height-default elementor-section-height-default\" data-id=\"f7bd2cf\" data-element_type=\"section\" data-e-type=\"section\">\n\t\t\t\t\t\t<div class=\"elementor-container elementor-column-gap-default\">\n\t\t\t\t\t<div class=\"elementor-column elementor-col-50 elementor-top-column elementor-element elementor-element-811f281\" data-id=\"811f281\" data-element_type=\"column\" data-e-type=\"column\">\n\t\t\t<div class=\"elementor-widget-wrap elementor-element-populated\">\n\t\t\t\t\t\t<div class=\"elementor-element elementor-element-bf16e35 elementor-align-center elementor-invisible elementor-widget elementor-widget-button\" data-id=\"bf16e35\" data-element_type=\"widget\" data-e-type=\"widget\" data-settings=\"{&quot;_animation&quot;:&quot;fadeInUp&quot;}\" data-widget_type=\"button.default\">\n\t\t\t\t<div class=\"elementor-widget-container\">\n\t\t\t\t\t\t\t\t\t<div class=\"elementor-button-wrapper\">\n\t\t\t\t\t<a class=\"elementor-button elementor-button-link elementor-size-xs elementor-animation-bob\" href=\"https:\/\/karaidj.com\/pt-br\/fotos\/\">\n\t\t\t\t\t\t<span class=\"elementor-button-content-wrapper\">\n\t\t\t\t\t\t<span class=\"elementor-button-icon\">\n\t\t\t\t<i aria-hidden=\"true\" class=\"fas fa-long-arrow-alt-right\"><\/i>\t\t\t<\/span>\n\t\t\t\t\t\t\t\t\t<span class=\"elementor-button-text\">Fotos<\/span>\n\t\t\t\t\t<\/span>\n\t\t\t\t\t<\/a>\n\t\t\t\t<\/div>\n\t\t\t\t\t\t\t\t<\/div>\n\t\t\t\t<\/div>\n\t\t\t\t\t<\/div>\n\t\t<\/div>\n\t\t\t\t<div class=\"elementor-column elementor-col-50 elementor-top-column elementor-element elementor-element-2094498\" data-id=\"2094498\" data-element_type=\"column\" data-e-type=\"column\">\n\t\t\t<div class=\"elementor-widget-wrap elementor-element-populated\">\n\t\t\t\t\t\t<div class=\"elementor-element elementor-element-1d0175a elementor-align-center elementor-invisible elementor-widget elementor-widget-button\" data-id=\"1d0175a\" data-element_type=\"widget\" data-e-type=\"widget\" data-settings=\"{&quot;_animation&quot;:&quot;fadeInUp&quot;}\" data-widget_type=\"button.default\">\n\t\t\t\t<div class=\"elementor-widget-container\">\n\t\t\t\t\t\t\t\t\t<div class=\"elementor-button-wrapper\">\n\t\t\t\t\t<a class=\"elementor-button elementor-button-link elementor-size-xs elementor-animation-bob\" href=\"https:\/\/karaidj.com\/pt-br\/kit-de-imprensa\/\">\n\t\t\t\t\t\t<span class=\"elementor-button-content-wrapper\">\n\t\t\t\t\t\t<span class=\"elementor-button-icon\">\n\t\t\t\t<i aria-hidden=\"true\" class=\"fas fa-long-arrow-alt-right\"><\/i>\t\t\t<\/span>\n\t\t\t\t\t\t\t\t\t<span class=\"elementor-button-text\">Press kit<\/span>\n\t\t\t\t\t<\/span>\n\t\t\t\t\t<\/a>\n\t\t\t\t<\/div>\n\t\t\t\t\t\t\t\t<\/div>\n\t\t\t\t<\/div>\n\t\t\t\t\t<\/div>\n\t\t<\/div>\n\t\t\t\t\t<\/div>\n\t\t<\/section>\n\t\t\t\t<\/div>\n\t\t","protected":false},"excerpt":{"rendered":"<p>Guilherme Alves \u2013 DJ Kara\u00ef DJ Percussionista brasileiro em Paris Sonoridades latinas, ritmos ao vivo e energia brasileira com Guilherme [&hellip;]<\/p>\n","protected":false},"author":2,"featured_media":0,"parent":0,"menu_order":31,"comment_status":"closed","ping_status":"closed","template":"","meta":{"_seopress_robots_primary_cat":"","_seopress_titles_title":"Guilherme Alves - DJ Kara\u00ef - Biografia","_seopress_titles_desc":"Conhe\u00e7a Guilherme Alves, DJ percussionista brasileiro em Paris. Sonoridades latinas, ritmos ao vivo e energia brasileira para elevar seus eventos. ","_seopress_robots_index":"","footnotes":""},"class_list":["post-4343","page","type-page","status-publish","hentry"],"acf":[],"_links":{"self":[{"href":"https:\/\/karaidj.com\/pt-br\/wp-json\/wp\/v2\/pages\/4343","targetHints":{"allow":["GET"]}}],"collection":[{"href":"https:\/\/karaidj.com\/pt-br\/wp-json\/wp\/v2\/pages"}],"about":[{"href":"https:\/\/karaidj.com\/pt-br\/wp-json\/wp\/v2\/types\/page"}],"author":[{"embeddable":true,"href":"https:\/\/karaidj.com\/pt-br\/wp-json\/wp\/v2\/users\/2"}],"replies":[{"embeddable":true,"href":"https:\/\/karaidj.com\/pt-br\/wp-json\/wp\/v2\/comments?post=4343"}],"version-history":[{"count":2,"href":"https:\/\/karaidj.com\/pt-br\/wp-json\/wp\/v2\/pages\/4343\/revisions"}],"predecessor-version":[{"id":5353,"href":"https:\/\/karaidj.com\/pt-br\/wp-json\/wp\/v2\/pages\/4343\/revisions\/5353"}],"wp:attachment":[{"href":"https:\/\/karaidj.com\/pt-br\/wp-json\/wp\/v2\/media?parent=4343"}],"curies":[{"name":"wp","href":"https:\/\/api.w.org\/{rel}","templated":true}]}}